{"id":444,"date":"2015-06-29T23:01:13","date_gmt":"2015-06-29T23:01:13","guid":{"rendered":"http:\/\/www.projets-vertige.all2all.org\/softly\/?page_id=444"},"modified":"2017-11-11T16:15:40","modified_gmt":"2017-11-11T16:15:40","slug":"presse","status":"publish","type":"page","link":"http:\/\/fabiendegryse.com\/duo\/presse\/","title":{"rendered":"Presse"},"content":{"rendered":"<p><div  class=\"fusion-fullwidth fullwidth-box fusion-parallax-none nonhundred-percent-fullwidth\"  style='background-color: rgba(255,255,255,0);background-image: url(\"http:\/\/fabiendegryse.com\/duo\/wp-content\/uploads\/2015\/02\/shutterstock_20351872-e1505958651121.jpg\");background-position: center center;background-repeat: no-repeat;padding-top:5%;padding-right:0px;padding-bottom:5%;padding-left:0px;margin-bottom: 5%;-webkit-background-size:cover;-moz-background-size:cover;-o-background-size:cover;background-size:cover;background-attachment:none;'><div class=\"fusion-builder-row fusion-row \"><div  class=\"fusion-layout-column fusion_builder_column fusion_builder_column_1_3  fusion-one-third fusion-column-first fusion-column-no-min-height 1_3\"  style='margin-top:0px;margin-bottom:5%;width:30.6666%; margin-right: 4%;'>\n\t\t\t\t\t<div class=\"fusion-column-wrapper\" style=\"border-right:3px solid #a97723;background-position:left top;background-repeat:no-repeat;-webkit-background-size:cover;-moz-background-size:cover;-o-background-size:cover;background-size:cover;\"  data-bg-url=\"\">\n\t\t\t\t\t\t<div class=\"fusion-title title fusion-sep-none fusion-title-size-one\" style=\"margin-top:0px;margin-bottom:30px;\"><h1 class=\"title-heading-left\"><h2 style=\"text-align: left;\"><span style=\"color: #a97723;\">SOFTLY<br \/>\n<\/span><\/h2><\/h1><\/div><div class=\"fusion-clearfix\"><\/div>\n\n\t\t\t\t\t<\/div>\n\t\t\t\t<\/div><div  class=\"fusion-layout-column fusion_builder_column fusion_builder_column_2_3  fusion-two-third fusion-column-last fusion-column-no-min-height 2_3\"  style='margin-top:0px;margin-bottom:0px;width:65.3333%'>\n\t\t\t\t\t<div class=\"fusion-column-wrapper\" style=\"background-position:left top;background-repeat:no-repeat;-webkit-background-size:cover;-moz-background-size:cover;-o-background-size:cover;background-size:cover;\"  data-bg-url=\"\">\n\t\t\t\t\t\t<h3><em>S\u00e9lection d&rsquo;extraits et articles de presse concernant \u00ab\u00a0Softly &#8230;\u00a0\u00bb<\/em><\/h3>\n<div class=\"fusion-clearfix\"><\/div>\n\n\t\t\t\t\t<\/div>\n\t\t\t\t<\/div><div  class=\"fusion-layout-column fusion_builder_column fusion_builder_column_1_1  fusion-one-full fusion-column-first fusion-column-last fusion-column-no-min-height 1_1\"  style='margin-top:0px;margin-bottom:0px;'>\n\t\t\t\t\t<div class=\"fusion-column-wrapper\" style=\"background-position:left top;background-repeat:no-repeat;-webkit-background-size:cover;-moz-background-size:cover;-o-background-size:cover;background-size:cover;\"  data-bg-url=\"\">\n\t\t\t\t\t\t<blockquote>\n<p>\u00ab\u00a0<b>Softly\u00a0\u00bb<\/b>\u00a0est un disque accessible qui respire l&rsquo;amiti\u00e9 et le plaisir de jouer ensemble. Pour sophistiqu\u00e9s qu&rsquo;ils soient, les \u00e9changes n&rsquo;ont ici rien d&rsquo;ostentatoire mais il n&#8217;emp\u00eache qu&rsquo;ils font honneur \u00e0 la guitare et restent dans les m\u00e9moires comme autant d&rsquo;envol\u00e9es po\u00e9tiques et expressives qu&rsquo;on peut r\u00e9\u00e9couter en boucle pendant des heures.<\/p>\n<p><em>http:\/\/www.dragonjazz.com\/nouveau.htm#degryse_softly<\/em><\/p>\n<\/blockquote>\n<div class=\"fusion-clearfix\"><\/div>\n\n\t\t\t\t\t<\/div>\n\t\t\t\t<\/div><\/div><\/div><div  class=\"fusion-fullwidth fullwidth-box nonhundred-percent-fullwidth\"  style='background-color: rgba(255,255,255,0);background-position: center center;background-repeat: no-repeat;padding-top:0px;padding-right:0px;padding-bottom:0px;padding-left:0px;margin-bottom: 5%;margin-top: 5%;'><div class=\"fusion-builder-row fusion-row \"><div  class=\"fusion-layout-column fusion_builder_column fusion_builder_column_1_2  fusion-one-half fusion-column-first fusion-column-no-min-height 1_2\"  style='margin-top:0px;margin-bottom:0px;width:48%; margin-right: 4%;'>\n\t\t\t\t\t<div class=\"fusion-column-wrapper\" style=\"background-position:left top;background-repeat:no-repeat;-webkit-background-size:cover;-moz-background-size:cover;-o-background-size:cover;background-size:cover;\"  data-bg-url=\"\">\n\t\t\t\t\t\t<div class=\"fusion-title title fusion-sep-none fusion-title-size-one\" style=\"margin-top:0px;margin-bottom:30px;\"><h1 class=\"title-heading-left\"><h2 style=\"text-align: center;\"><span style=\"color: #a97723;\">JO\u00cbL RABESOLO<\/span><\/h2>\n<p style=\"text-align: center;\">Extraits de presse<\/p><\/h1><\/div><div class=\"fusion-sep-clear\"><\/div><div class=\"fusion-separator sep-single sep-solid\" style=\"border-color:#a97723;border-top-width:3px;margin-left: auto;margin-right: auto;margin-top:0px;margin-bottom:40px;width:100%;max-width:170px;\"><\/div><h3 style=\"text-align: center;\"><span style=\"color: #a97723;\">\u00c0 venir<\/span><\/h3>\n<div class=\"fusion-clearfix\"><\/div>\n\n\t\t\t\t\t<\/div>\n\t\t\t\t<\/div><div  class=\"fusion-layout-column fusion_builder_column fusion_builder_column_1_2  fusion-one-half fusion-column-last fusion-column-no-min-height 1_2\"  style='margin-top:0px;margin-bottom:0px;width:48%'>\n\t\t\t\t\t<div class=\"fusion-column-wrapper\" style=\"background-position:left top;background-repeat:no-repeat;-webkit-background-size:cover;-moz-background-size:cover;-o-background-size:cover;background-size:cover;\"  data-bg-url=\"\">\n\t\t\t\t\t\t<div class=\"fusion-title title fusion-sep-none fusion-title-size-one\" style=\"margin-top:0px;margin-bottom:30px;\"><h1 class=\"title-heading-left\"><h2 style=\"text-align: center;\"><span style=\"color: #a97723;\">FABIEN DEGRYSE<\/span><\/h2>\n<p style=\"text-align: center;\">\u00c0\u00a0propos du CD \u00ab\u00a0Summertime\u00a0\u00bb<\/p><\/h1><\/div><div class=\"fusion-sep-clear\"><\/div><div class=\"fusion-separator sep-single sep-solid\" style=\"border-color:#a97723;border-top-width:3px;margin-left: auto;margin-right: auto;margin-top:0px;margin-bottom:40px;width:100%;max-width:170px;\"><\/div><h3><span style=\"color: #a97723;\">\u2028Jean-Pierre Gof\ufb01n &#8211; <\/span><a href=\"http:\/\/jazzaroundmag.com\" target=\"_blank\" rel=\"noopener\"><span style=\"color: #a97723;\">Jazzaroundmag.com<\/span><\/a><\/h3>\n<blockquote>\n<p>Fabien Degryse \u00ab Summertime \u00bb : l\u2019\u00e9vidence du solo (\u2026)\u2028 Belgique, terre de guitariste, dont Fabien Degryse fait incontestablement partie des joyaux (\u2026)\u2028 Fabien Degryse poursuit la voie des grands th\u00e8mes du r\u00e9pertoire, onze bijoux hyper-connus du grand r\u00e9pertoire am\u00e9ricain (&#8230;) une sorte d\u2019histoire du jazz moderne en version d\u00e9pouill\u00e9e, \u00e9mouvante par moments, excitante souvent par un des plus grands guitaristes de chez nous, voire d\u2019ailleurs.<\/p>\n<\/blockquote>\n<h3><\/h3>\n<h3><span style=\"color: #a97723;\">Claude Loxhay &#8211; <\/span><a href=\"http:\/\/jazzhalo.be\" target=\"_blank\" rel=\"noopener\"><span style=\"color: #a97723;\">Jazzhalo.be<\/span><\/a><\/h3>\n<blockquote>\n<p>On admire tout \u00e0 la fois la virtuosit\u00e9 technique (notamment sur So what, avec sa c\u00e9l\u00e8bre ligne de basse o\u00f9 vient se greffer le th\u00e8me jou\u00e9 sur un tempo tr\u00e8s personnel) et le lyrisme m\u00e9lodique qui ensoleille chaque m\u00e9lodie, tout au long de ces 11 plages (\u2026)<\/p>\n<\/blockquote>\n<h3><\/h3>\n<h3><span style=\"color: #a97723;\">Jean-Claude Vantroyen &#8211; Le Soir<\/span><\/h3>\n<blockquote>\n<p>J\u2019adore. Fabien Degryse, le guitariste de l\u2019Ame des Po\u00e8tes revisite des hits du jazz en solo, en \ufb01ngerpicking, et c\u2019est formidable. (\u2026) C\u2019est vraiment l\u2019\u00e9t\u00e9 avec cet album, tant il fait entrer le soleil dans nos coeurs. (\u2026) Un album touchant, chaud et techniquement parfait.<\/p>\n<\/blockquote>\n<div class=\"fusion-clearfix\"><\/div>\n\n\t\t\t\t\t<\/div>\n\t\t\t\t<\/div><\/div><\/div><div  class=\"fusion-fullwidth fullwidth-box nonhundred-percent-fullwidth\"  style='background-color: #f4f2ed;background-position: center center;background-repeat: no-repeat;padding-top:3%;padding-right:0px;padding-bottom:5%;padding-left:0px;'><div class=\"fusion-builder-row fusion-row \"><div  class=\"fusion-layout-column fusion_builder_column fusion_builder_column_1_3  fusion-one-third fusion-column-first fusion-column-no-min-height 1_3\"  style='margin-top:0px;margin-bottom:5%;width:30.6666%; margin-right: 4%;'>\n\t\t\t\t\t<div class=\"fusion-column-wrapper\" style=\"border-right:3px solid #a97723;background-position:left top;background-repeat:no-repeat;-webkit-background-size:cover;-moz-background-size:cover;-o-background-size:cover;background-size:cover;\"  data-bg-url=\"\">\n\t\t\t\t\t\t<div class=\"fusion-title title fusion-sep-none fusion-title-size-one\" style=\"margin-top:0px;margin-bottom:30px;\"><h1 class=\"title-heading-left\"><h2 style=\"text-align: left;\"><span style=\"color: #a97723;\">PHOTOS<br \/>\nDE PRESSE<\/span><\/h2><\/h1><\/div><div class=\"fusion-clearfix\"><\/div>\n\n\t\t\t\t\t<\/div>\n\t\t\t\t<\/div><div  class=\"fusion-layout-column fusion_builder_column fusion_builder_column_2_3  fusion-two-third fusion-column-last fusion-column-no-min-height 2_3\"  style='margin-top:0px;margin-bottom:0px;width:65.3333%'>\n\t\t\t\t\t<div class=\"fusion-column-wrapper\" style=\"background-position:left top;background-repeat:no-repeat;-webkit-background-size:cover;-moz-background-size:cover;-o-background-size:cover;background-size:cover;\"  data-bg-url=\"\">\n\t\t\t\t\t\t<p>Cr\u00e9dit photos : Charlotte Douli\u00e8re<\/p>\n<div class=\"fusion-clearfix\"><\/div>\n\n\t\t\t\t\t<\/div>\n\t\t\t\t<\/div><div  class=\"fusion-layout-column fusion_builder_column fusion_builder_column_1_1  fusion-one-full fusion-column-first fusion-column-last 1_1\"  style='margin-top:0px;margin-bottom:20px;'>\n\t\t\t\t\t<div class=\"fusion-column-wrapper\" style=\"background-position:left top;background-repeat:no-repeat;-webkit-background-size:cover;-moz-background-size:cover;-o-background-size:cover;background-size:cover;\"  data-bg-url=\"\">\n\t\t\t\t\t\t<div class=\"fusion-gallery fusion-gallery-container fusion-grid-3 fusion-columns-total-6 fusion-gallery-layout-grid\" style=\"margin:-5px;\"><div style=\"padding:5px;\" class=\"fusion-grid-column fusion-gallery-column fusion-gallery-column-3 hover-type-none\"><div class=\"fusion-gallery-image\"><a href=\"http:\/\/fabiendegryse.com\/duo\/wp-content\/uploads\/2017\/09\/FabJo-19.jpg\" class=\"fusion-lightbox\" data-rel=\"iLightbox[d98fcf06f45c22941d6]\"><img loading=\"lazy\" width=\"460\" height=\"295\" src=\"http:\/\/fabiendegryse.com\/duo\/wp-content\/uploads\/2017\/09\/FabJo-19-460x295.jpg\" alt=\"\" title=\"FabJo-19\" aria-label=\"FabJo-19\" class=\"img-responsive wp-image-777\" \/><\/a><\/div><\/div><div style=\"padding:5px;\" class=\"fusion-grid-column fusion-gallery-column fusion-gallery-column-3 hover-type-none\"><div class=\"fusion-gallery-image\"><a href=\"http:\/\/fabiendegryse.com\/duo\/wp-content\/uploads\/2017\/09\/FabJo-11.jpg\" class=\"fusion-lightbox\" data-rel=\"iLightbox[d98fcf06f45c22941d6]\"><img loading=\"lazy\" width=\"460\" height=\"295\" src=\"http:\/\/fabiendegryse.com\/duo\/wp-content\/uploads\/2017\/09\/FabJo-11-460x295.jpg\" alt=\"\" title=\"FabJo-11\" aria-label=\"FabJo-11\" class=\"img-responsive wp-image-776\" \/><\/a><\/div><\/div><div style=\"padding:5px;\" class=\"fusion-grid-column fusion-gallery-column fusion-gallery-column-3 hover-type-none\"><div class=\"fusion-gallery-image\"><a href=\"http:\/\/fabiendegryse.com\/duo\/wp-content\/uploads\/2015\/02\/FabJo-47-e1504621931748.jpg\" class=\"fusion-lightbox\" data-rel=\"iLightbox[d98fcf06f45c22941d6]\"><img loading=\"lazy\" width=\"460\" height=\"295\" src=\"http:\/\/fabiendegryse.com\/duo\/wp-content\/uploads\/2015\/02\/FabJo-47-460x295.jpg\" alt=\"\" title=\"\" aria-label=\"\" class=\"img-responsive wp-image-755\" \/><\/a><\/div><\/div><div class=\"clearfix\"><\/div><div style=\"padding:5px;\" class=\"fusion-grid-column fusion-gallery-column fusion-gallery-column-3 hover-type-none\"><div class=\"fusion-gallery-image\"><a href=\"http:\/\/fabiendegryse.com\/duo\/wp-content\/uploads\/2015\/02\/statuettes.png\" class=\"fusion-lightbox\" data-rel=\"iLightbox[d98fcf06f45c22941d6]\"><img loading=\"lazy\" width=\"460\" height=\"295\" src=\"http:\/\/fabiendegryse.com\/duo\/wp-content\/uploads\/2015\/02\/statuettes-460x295.png\" alt=\"\" title=\"statuettes\" aria-label=\"statuettes\" class=\"img-responsive wp-image-753\" \/><\/a><\/div><\/div><div style=\"padding:5px;\" class=\"fusion-grid-column fusion-gallery-column fusion-gallery-column-3 hover-type-none\"><div class=\"fusion-gallery-image\"><a href=\"http:\/\/fabiendegryse.com\/duo\/wp-content\/uploads\/2015\/02\/FabJo-30-e1504620199532.jpg\" class=\"fusion-lightbox\" data-rel=\"iLightbox[d98fcf06f45c22941d6]\"><img loading=\"lazy\" width=\"460\" height=\"295\" src=\"http:\/\/fabiendegryse.com\/duo\/wp-content\/uploads\/2015\/02\/FabJo-30-460x295.jpg\" alt=\"\" title=\"\" aria-label=\"\" class=\"img-responsive wp-image-741\" \/><\/a><\/div><\/div><div style=\"padding:5px;\" class=\"fusion-grid-column fusion-gallery-column fusion-gallery-column-3 hover-type-none\"><div class=\"fusion-gallery-image\"><a href=\"http:\/\/fabiendegryse.com\/duo\/wp-content\/uploads\/2015\/02\/FabJo-6-e1506068905730.jpg\" class=\"fusion-lightbox\" data-rel=\"iLightbox[d98fcf06f45c22941d6]\"><img loading=\"lazy\" width=\"460\" height=\"295\" src=\"http:\/\/fabiendegryse.com\/duo\/wp-content\/uploads\/2015\/02\/FabJo-6-460x295.jpg\" alt=\"\" title=\"\" aria-label=\"\" class=\"img-responsive wp-image-737\" \/><\/a><\/div><\/div><div class=\"clearfix\"><\/div><\/div><div class=\"fusion-clearfix\"><\/div>\n\n\t\t\t\t\t<\/div>\n\t\t\t\t<\/div><\/div><\/div><\/p>\n","protected":false},"excerpt":{"rendered":"","protected":false},"author":1,"featured_media":0,"parent":0,"menu_order":0,"comment_status":"closed","ping_status":"open","template":"100-width.php","meta":[],"_links":{"self":[{"href":"http:\/\/fabiendegryse.com\/duo\/wp-json\/wp\/v2\/pages\/444"}],"collection":[{"href":"http:\/\/fabiendegryse.com\/duo\/wp-json\/wp\/v2\/pages"}],"about":[{"href":"http:\/\/fabiendegryse.com\/duo\/wp-json\/wp\/v2\/types\/page"}],"author":[{"embeddable":true,"href":"http:\/\/fabiendegryse.com\/duo\/wp-json\/wp\/v2\/users\/1"}],"replies":[{"embeddable":true,"href":"http:\/\/fabiendegryse.com\/duo\/wp-json\/wp\/v2\/comments?post=444"}],"version-history":[{"count":48,"href":"http:\/\/fabiendegryse.com\/duo\/wp-json\/wp\/v2\/pages\/444\/revisions"}],"predecessor-version":[{"id":1114,"href":"http:\/\/fabiendegryse.com\/duo\/wp-json\/wp\/v2\/pages\/444\/revisions\/1114"}],"wp:attachment":[{"href":"http:\/\/fabiendegryse.com\/duo\/wp-json\/wp\/v2\/media?parent=444"}],"curies":[{"name":"wp","href":"https:\/\/api.w.org\/{rel}","templated":true}]}}